{"id":321,"date":"2022-06-14T19:13:01","date_gmt":"2022-06-14T17:13:01","guid":{"rendered":"https:\/\/www.badminton-tournefeuille.fr\/?page_id=5"},"modified":"2026-01-15T17:32:01","modified_gmt":"2026-01-15T16:32:01","slug":"inscriptions","status":"publish","type":"page","link":"https:\/\/www.badminton-tournefeuille.fr\/index.php\/inscriptions\/","title":{"rendered":"Bonne nouvelle!  &#8211; Inscriptions 2025\/2026 demi-saison ouvertes!"},"content":{"rendered":"\n<h1 class=\"wp-block-heading has-white-color has-luminous-vivid-orange-background-color has-text-color has-background has-link-color wp-elements-ba84ca4b0a81d25d8e072cab554ab956\">Inscriptions demi-saison<\/h1>\n\n\n\n<figure class=\"wp-block-image size-full\"><img loading=\"lazy\" decoding=\"async\" width=\"800\" height=\"449\" src=\"https:\/\/www.badminton-tournefeuille.fr\/wp-content\/uploads\/2022\/08\/inscriptions.jpg\" alt=\"Inscriptions\" class=\"wp-image-461\" srcset=\"https:\/\/www.badminton-tournefeuille.fr\/wp-content\/uploads\/2022\/08\/inscriptions.jpg 800w, https:\/\/www.badminton-tournefeuille.fr\/wp-content\/uploads\/2022\/08\/inscriptions-300x168.jpg 300w, https:\/\/www.badminton-tournefeuille.fr\/wp-content\/uploads\/2022\/08\/inscriptions-768x431.jpg 768w\" sizes=\"auto, (max-width: 767px) 89vw, (max-width: 1000px) 54vw, (max-width: 1071px) 543px, 580px\" \/><\/figure>\n\n\n\n<p class=\"has-white-color has-luminous-vivid-orange-background-color has-text-color has-background has-link-color wp-elements-4798449448b316d6cc33a5c8bc2515fc\"><strong>IMPORTANT\u00a0<\/strong>: Le club a la plaisir de vous annoncer que les inscriptions adultes demi-saison 2025\/2026 sont ouvertes! Il est par contre au regret de vous annoncer qu&rsquo;il est d\u00e9sormais <strong>COMPLET<\/strong> sur <span style=\"text-decoration: underline;\">les sections jeunes<\/span> et n&rsquo;acceptera donc plus de nouvelles inscriptions jeunes pour la saison 2025\/2026<\/p>\n\n\n\n<p>Le processus d&rsquo;inscription <strong>demi-saison<\/strong> est disponible en ligne. Voici les tarifs pour la demi-saison 2025-2026<\/p>\n\n\n\n<ul class=\"wp-block-list\">\n<li><strong>Demi-saison<\/strong> <strong>ADULTES <\/strong>: 30\u20ac pour les personnes <span style=\"text-decoration: underline;\">d\u00e9j\u00e0 licenci\u00e9es<\/span> dans un autre club \u00e0 la FFBAD pour 2025\/2026 et 90\u20ac pour les <span style=\"text-decoration: underline;\">non licenci\u00e9es<\/span><\/li>\n\n\n\n<li><strong>COMPLET<\/strong> <s><strong>100 \u20ac<\/strong> pour les jeunes <strong>de 5 \u00e0 7 ans<\/strong> pour le cours du jeudi soir<\/s><\/li>\n\n\n\n<li><strong>COMPLET <\/strong> <s><strong>135 \u20ac<\/strong> pour les jeunes <strong>de 8 \u00e0 17 ans <\/strong>pour les cours du vendredi soir<\/s><\/li>\n<\/ul>\n\n\n\n<p><s>En cas de blocage ou de questions suppl\u00e9mentaires, 2 cr\u00e9neaux d&rsquo;inscriptions par semaine seront ouverts les <strong>lundis (Gymnase L. De Vinci)<\/strong> <strong>et<\/strong> <strong>mardis (Gymnase J.B. Gay)  du 26 ao\u00fbt au 30 Septembre 2025<\/strong> prochain \u00e0 partir de <strong>19H00<\/strong>.<\/s><\/p>\n\n\n\n<div class=\"wp-block-media-text alignwide is-stacked-on-mobile\"><figure class=\"wp-block-media-text__media\"><img loading=\"lazy\" decoding=\"async\" width=\"438\" height=\"464\" src=\"https:\/\/www.badminton-tournefeuille.fr\/wp-content\/uploads\/2022\/08\/Inscription1_Myffbad.png\" alt=\"\" class=\"wp-image-463 size-full\" srcset=\"https:\/\/www.badminton-tournefeuille.fr\/wp-content\/uploads\/2022\/08\/Inscription1_Myffbad.png 438w, https:\/\/www.badminton-tournefeuille.fr\/wp-content\/uploads\/2022\/08\/Inscription1_Myffbad-283x300.png 283w\" sizes=\"auto, (max-width: 438px) 100vw, 438px\" \/><\/figure><div class=\"wp-block-media-text__content\">\n<p><strong>Cliquez sur le lien Myffbad<\/strong><br>Pour tout nouvel arrivant au sein du club, vous cliquez sur le lien:<br><a href=\"https:\/\/adherer.ffbad.club\/BCT31\">https:\/\/adherer.ffbad.club\/BCT31<\/a><\/p>\n\n\n\n<p><s>Pour les ancien adh\u00e9rents, connectez vous \u00e0 <a href=\"https:\/\/myffbad.fr\/\">https:\/\/myffbad.fr\/<\/a> (possibilit\u00e9 de cr\u00e9er le compte si ce n&rsquo;est pas d\u00e9j\u00e0 fait)<\/s><br><\/p>\n<\/div><\/div>\n\n\n\n<div class=\"wp-block-media-text alignwide is-stacked-on-mobile\"><figure class=\"wp-block-media-text__media\"><img loading=\"lazy\" decoding=\"async\" width=\"430\" height=\"448\" src=\"https:\/\/www.badminton-tournefeuille.fr\/wp-content\/uploads\/2022\/08\/Inscription2_Formulaire.png\" alt=\"\" class=\"wp-image-464 size-full\" srcset=\"https:\/\/www.badminton-tournefeuille.fr\/wp-content\/uploads\/2022\/08\/Inscription2_Formulaire.png 430w, https:\/\/www.badminton-tournefeuille.fr\/wp-content\/uploads\/2022\/08\/Inscription2_Formulaire-288x300.png 288w\" sizes=\"auto, (max-width: 430px) 100vw, 430px\" \/><\/figure><div class=\"wp-block-media-text__content\">\n<p><strong>Renseignez le Formulaire<\/strong><br>Une fois que vous avez cliqu\u00e9 sur le lien, il vous suffit de renseigner ENTI\u00c8REMENT le formulaire.<\/p>\n\n\n\n<p>Le formulaire est d\u00e9j\u00e0 pr\u00e9-rempli pour les anciens adh\u00e9rents. V\u00e9rifiez que tout est bon et modifiez si certains \u00e9l\u00e9ments ont chang\u00e9s.<\/p>\n<\/div><\/div>\n\n\n\n<div class=\"wp-block-media-text alignwide is-stacked-on-mobile\"><figure class=\"wp-block-media-text__media\"><img loading=\"lazy\" decoding=\"async\" width=\"425\" height=\"430\" src=\"https:\/\/www.badminton-tournefeuille.fr\/wp-content\/uploads\/2022\/08\/Inscription3_Insdispensables.png\" alt=\"\" class=\"wp-image-465 size-full\" srcset=\"https:\/\/www.badminton-tournefeuille.fr\/wp-content\/uploads\/2022\/08\/Inscription3_Insdispensables.png 425w, https:\/\/www.badminton-tournefeuille.fr\/wp-content\/uploads\/2022\/08\/Inscription3_Insdispensables-297x300.png 297w, https:\/\/www.badminton-tournefeuille.fr\/wp-content\/uploads\/2022\/08\/Inscription3_Insdispensables-100x100.png 100w\" sizes=\"auto, (max-width: 425px) 100vw, 425px\" \/><\/figure><div class=\"wp-block-media-text__content\">\n<p><strong>Les indispensables<\/strong><br>Les informations indispensables sont \u00e9tiquet\u00e9es d&rsquo;un *.<br>Si elles ne sont pas renseign\u00e9es, votre dossier ne pourra \u00eatre valid\u00e9.<\/p>\n\n\n\n<p>Le questionnaire m\u00e9dical est \u00e0 remplir et si il y a une r\u00e9ponse par \u00ab\u00a0oui\u00a0\u00bb \u00e0 une des questions, un certificat m\u00e9dical est \u00e0 fournir.<\/p>\n<\/div><\/div>\n\n\n\n<div class=\"wp-block-media-text alignwide is-stacked-on-mobile\"><figure class=\"wp-block-media-text__media\"><img loading=\"lazy\" decoding=\"async\" width=\"428\" height=\"434\" src=\"https:\/\/www.badminton-tournefeuille.fr\/wp-content\/uploads\/2022\/08\/Inscription4_Reglement.png\" alt=\"\" class=\"wp-image-466 size-full\" srcset=\"https:\/\/www.badminton-tournefeuille.fr\/wp-content\/uploads\/2022\/08\/Inscription4_Reglement.png 428w, https:\/\/www.badminton-tournefeuille.fr\/wp-content\/uploads\/2022\/08\/Inscription4_Reglement-296x300.png 296w, https:\/\/www.badminton-tournefeuille.fr\/wp-content\/uploads\/2022\/08\/Inscription4_Reglement-100x100.png 100w\" sizes=\"auto, (max-width: 428px) 100vw, 428px\" \/><\/figure><div class=\"wp-block-media-text__content\">\n<p><strong>Le r\u00e8glement<\/strong><br>R\u00e8glement: <strong>CB, Virement<\/strong><\/p>\n\n\n\n<p><strong>CB:<\/strong> Une empreinte est r\u00e9alis\u00e9e et le pr\u00e9l\u00e8vement est op\u00e9r\u00e9 une fois le dossier valid\u00e9 par le club.<\/p>\n\n\n\n<p>Pour les <strong>virements<\/strong> votre dossier sera valid\u00e9 une fois le virement encaiss\u00e9 par le club.<\/p>\n<\/div><\/div>\n\n\n\n<div class=\"wp-block-media-text alignwide is-stacked-on-mobile\"><figure class=\"wp-block-media-text__media\"><img loading=\"lazy\" decoding=\"async\" width=\"428\" height=\"431\" src=\"https:\/\/www.badminton-tournefeuille.fr\/wp-content\/uploads\/2022\/08\/Inscription5_Validation.png\" alt=\"\" class=\"wp-image-467 size-full\" srcset=\"https:\/\/www.badminton-tournefeuille.fr\/wp-content\/uploads\/2022\/08\/Inscription5_Validation.png 428w, https:\/\/www.badminton-tournefeuille.fr\/wp-content\/uploads\/2022\/08\/Inscription5_Validation-298x300.png 298w, https:\/\/www.badminton-tournefeuille.fr\/wp-content\/uploads\/2022\/08\/Inscription5_Validation-150x150.png 150w, https:\/\/www.badminton-tournefeuille.fr\/wp-content\/uploads\/2022\/08\/Inscription5_Validation-100x100.png 100w\" sizes=\"auto, (max-width: 428px) 100vw, 428px\" \/><\/figure><div class=\"wp-block-media-text__content\">\n<p class=\"has-text-align-left\"><strong>Validation du club<\/strong><br>Le club v\u00e9rifie chaque dossier informatique sur sa plateforme POONA, plateforme f\u00e9d\u00e9rale.<br>Si une erreur est identifi\u00e9e, vous serez contact\u00e9 pour effectuer la modification<\/p>\n<\/div><\/div>\n\n\n\n<div class=\"wp-block-media-text alignwide is-stacked-on-mobile\"><figure class=\"wp-block-media-text__media\"><img loading=\"lazy\" decoding=\"async\" width=\"427\" height=\"421\" src=\"https:\/\/www.badminton-tournefeuille.fr\/wp-content\/uploads\/2022\/08\/Inscription6_Licence.png\" alt=\"\" class=\"wp-image-468 size-full\" srcset=\"https:\/\/www.badminton-tournefeuille.fr\/wp-content\/uploads\/2022\/08\/Inscription6_Licence.png 427w, https:\/\/www.badminton-tournefeuille.fr\/wp-content\/uploads\/2022\/08\/Inscription6_Licence-300x296.png 300w, https:\/\/www.badminton-tournefeuille.fr\/wp-content\/uploads\/2022\/08\/Inscription6_Licence-100x100.png 100w\" sizes=\"auto, (max-width: 427px) 100vw, 427px\" \/><\/figure><div class=\"wp-block-media-text__content\">\n<p><strong>R\u00e9ception de la Licence<\/strong><br>La r\u00e9ception de la licence est informatique.<br>Si vous souhaitez faire valoir celle ci lors de comp\u00e9titions ou projets divers, ne supprimez pas le mail de validation!<\/p>\n<\/div><\/div>\n\n\n\n<div class=\"wp-block-media-text alignwide is-stacked-on-mobile\"><figure class=\"wp-block-media-text__media\"><img loading=\"lazy\" decoding=\"async\" width=\"428\" height=\"423\" src=\"https:\/\/www.badminton-tournefeuille.fr\/wp-content\/uploads\/2022\/08\/Inscription7_Options.png\" alt=\"\" class=\"wp-image-469 size-full\" srcset=\"https:\/\/www.badminton-tournefeuille.fr\/wp-content\/uploads\/2022\/08\/Inscription7_Options.png 428w, https:\/\/www.badminton-tournefeuille.fr\/wp-content\/uploads\/2022\/08\/Inscription7_Options-300x296.png 300w, https:\/\/www.badminton-tournefeuille.fr\/wp-content\/uploads\/2022\/08\/Inscription7_Options-100x100.png 100w\" sizes=\"auto, (max-width: 428px) 100vw, 428px\" \/><\/figure><div class=\"wp-block-media-text__content\">\n<p><strong>Les options<\/strong><br><strong>Pass Sport:<\/strong> Les conditions d&rsquo;admissions sont pr\u00e9sentes dans le formulaire<\/p>\n<\/div><\/div>\n\n\n\n<h1 class=\"wp-block-heading\"><s>S\u00e9ances d&rsquo;essai<\/s> &#8211; termin\u00e9es pour la saison 2025\/2026<\/h1>\n\n\n\n<p><s>La ligue a d\u00e9cid\u00e9 de r\u00e9glementer les essais dans les clubs. Ceux-ci sont <strong>limit\u00e9s \u00e0 trois<\/strong> et les joueurs auront l\u2019<strong>obligation de remplir un document num\u00e9rique<\/strong> bas\u00e9e sur un QR code disponible au gymnase (seront affich\u00e9s \u00e0 l\u2019entr\u00e9e ou demander aux responsables pr\u00e9sents)<\/s>.<\/p>\n\n\n\n<p class=\"has-vivid-cyan-blue-color has-text-color has-link-color wp-elements-5d7feccf72b21429be016054e614ac12\"><strong><s>Les s\u00e9ances d\u2019essais auront lieu les lun<strong>dis (Gymnase L. De Vinci)<\/strong> et mardis (Gymnase J.B. Gay) \u00e0 partir de 19h30 seulement.<\/s><\/strong><\/p>\n\n\n\n<h2 class=\"wp-block-heading\">R\u00e8glement FFBAD des s\u00e9ances d&rsquo;essai<\/h2>\n\n\n\n<p><\/p>\n\n\n\n<p><strong>3.2. Le titre de participation d\u00e9couverte<\/strong><br><\/p>\n\n\n\n<p><em>3.2.1. Dates et dur\u00e9e de validit\u00e9 :<\/em><br>Ce titre est temporaire, il est valable pour une journ\u00e9e entre le 1er septembre de l\u2019ann\u00e9e N et le 31 ao\u00fbt de l\u2019ann\u00e9e N+1.<br>Il est renouvelable. Dans le cadre de la pratique \u00e0 l\u2019essai, seulement deux renouvellements sont permis.<\/p>\n\n\n\n<p><br><em>3.2.2. Pr\u00e9rogatives attach\u00e9es au titre de participation d\u00e9couverte :<\/em><br>Ce titre ouvre le droit \u00e0 la participation \u00e0 une manifestation promotionnelle d\u00e9clar\u00e9e \u00e0 la F\u00e9d\u00e9ration, ainsi qu\u2019\u00e0 la pratique \u00e0 l\u2019essai au sein d\u2019une association affili\u00e9e, dans la limite de 3 essais.<\/p>\n\n\n\n<p><a href=\"https:\/\/gdb.ffbad.org\/2023-2024\/Src\/GDB-08\/GUI08.03_ADM_ReglementLicences.pdf\">https:\/\/gdb.ffbad.org\/2023-2024\/Src\/GDB-08\/GUI08.03_ADM_ReglementLicences.pdf<\/a><\/p>\n\n\n\n<p><a href=\"https:\/\/www.ffbad.org\/lafederation-textes-officiels-le-guide-du-badminton\">https:\/\/www.ffbad.org\/lafederation-textes-officiels-le-guide-du-badminton<\/a><\/p>\n","protected":false},"excerpt":{"rendered":"<p>Inscriptions demi-saison IMPORTANT\u00a0: Le club a la plaisir de vous annoncer que les inscriptions adultes demi-saison 2025\/2026 sont ouvertes! Il est par contre au regret de vous annoncer qu&rsquo;il est d\u00e9sormais COMPLET sur les sections jeunes et n&rsquo;acceptera donc plus de nouvelles inscriptions jeunes pour la saison 2025\/2026 Le processus d&rsquo;inscription demi-saison est disponible en &hellip; <\/p>\n<p class=\"link-more\"><a href=\"https:\/\/www.badminton-tournefeuille.fr\/index.php\/inscriptions\/\" class=\"more-link\">Continuer la lecture<span class=\"screen-reader-text\"> de &laquo;&nbsp;Bonne nouvelle!  &#8211; Inscriptions 2025\/2026 demi-saison ouvertes!&nbsp;&raquo;<\/span><\/a><\/p>\n","protected":false},"author":2,"featured_media":0,"parent":0,"menu_order":0,"comment_status":"closed","ping_status":"closed","template":"","meta":{"footnotes":""},"class_list":["post-321","page","type-page","status-publish","hentry"],"yoast_head":"<!-- This site is optimized with the Yoast SEO plugin v26.7 - https:\/\/yoast.com\/wordpress\/plugins\/seo\/ -->\n<title>Bonne nouvelle! - Inscriptions 2025\/2026 demi-saison ouvertes! - Badminton Club de Tournefeuille<\/title>\n<meta name=\"robots\" content=\"index, follow, max-snippet:-1, max-image-preview:large, max-video-preview:-1\" \/>\n<link rel=\"canonical\" href=\"https:\/\/www.badminton-tournefeuille.fr\/index.php\/inscriptions\/\" \/>\n<meta property=\"og:locale\" content=\"fr_FR\" \/>\n<meta property=\"og:type\" content=\"article\" \/>\n<meta property=\"og:title\" content=\"Bonne nouvelle! - Inscriptions 2025\/2026 demi-saison ouvertes! - Badminton Club de Tournefeuille\" \/>\n<meta property=\"og:description\" content=\"Inscriptions demi-saison IMPORTANT\u00a0: Le club a la plaisir de vous annoncer que les inscriptions adultes demi-saison 2025\/2026 sont ouvertes! Il est par contre au regret de vous annoncer qu&rsquo;il est d\u00e9sormais COMPLET sur les sections jeunes et n&rsquo;acceptera donc plus de nouvelles inscriptions jeunes pour la saison 2025\/2026 Le processus d&rsquo;inscription demi-saison est disponible en &hellip; Continuer la lecture de &laquo;&nbsp;Bonne nouvelle! &#8211; Inscriptions 2025\/2026 demi-saison ouvertes!&nbsp;&raquo;\" \/>\n<meta property=\"og:url\" content=\"https:\/\/www.badminton-tournefeuille.fr\/index.php\/inscriptions\/\" \/>\n<meta property=\"og:site_name\" content=\"Badminton Club de Tournefeuille\" \/>\n<meta property=\"article:publisher\" content=\"https:\/\/www.facebook.com\/BadmintonTournefeuilleClub\" \/>\n<meta property=\"article:modified_time\" content=\"2026-01-15T16:32:01+00:00\" \/>\n<meta property=\"og:image\" content=\"https:\/\/www.badminton-tournefeuille.fr\/wp-content\/uploads\/2022\/08\/inscriptions.jpg\" \/>\n\t<meta property=\"og:image:width\" content=\"800\" \/>\n\t<meta property=\"og:image:height\" content=\"449\" \/>\n\t<meta property=\"og:image:type\" content=\"image\/jpeg\" \/>\n<meta name=\"twitter:card\" content=\"summary_large_image\" \/>\n<meta name=\"twitter:label1\" content=\"Dur\u00e9e de lecture estim\u00e9e\" \/>\n\t<meta name=\"twitter:data1\" content=\"5 minutes\" \/>\n<script type=\"application\/ld+json\" class=\"yoast-schema-graph\">{\"@context\":\"https:\/\/schema.org\",\"@graph\":[{\"@type\":\"WebPage\",\"@id\":\"https:\/\/www.badminton-tournefeuille.fr\/index.php\/inscriptions\/\",\"url\":\"https:\/\/www.badminton-tournefeuille.fr\/index.php\/inscriptions\/\",\"name\":\"Bonne nouvelle! - Inscriptions 2025\/2026 demi-saison ouvertes! - Badminton Club de Tournefeuille\",\"isPartOf\":{\"@id\":\"https:\/\/www.badminton-tournefeuille.fr\/#website\"},\"primaryImageOfPage\":{\"@id\":\"https:\/\/www.badminton-tournefeuille.fr\/index.php\/inscriptions\/#primaryimage\"},\"image\":{\"@id\":\"https:\/\/www.badminton-tournefeuille.fr\/index.php\/inscriptions\/#primaryimage\"},\"thumbnailUrl\":\"https:\/\/www.badminton-tournefeuille.fr\/wp-content\/uploads\/2022\/08\/inscriptions.jpg\",\"datePublished\":\"2022-06-14T17:13:01+00:00\",\"dateModified\":\"2026-01-15T16:32:01+00:00\",\"breadcrumb\":{\"@id\":\"https:\/\/www.badminton-tournefeuille.fr\/index.php\/inscriptions\/#breadcrumb\"},\"inLanguage\":\"fr-FR\",\"potentialAction\":[{\"@type\":\"ReadAction\",\"target\":[\"https:\/\/www.badminton-tournefeuille.fr\/index.php\/inscriptions\/\"]}]},{\"@type\":\"ImageObject\",\"inLanguage\":\"fr-FR\",\"@id\":\"https:\/\/www.badminton-tournefeuille.fr\/index.php\/inscriptions\/#primaryimage\",\"url\":\"https:\/\/www.badminton-tournefeuille.fr\/wp-content\/uploads\/2022\/08\/inscriptions.jpg\",\"contentUrl\":\"https:\/\/www.badminton-tournefeuille.fr\/wp-content\/uploads\/2022\/08\/inscriptions.jpg\",\"width\":800,\"height\":449,\"caption\":\"Inscriptions\"},{\"@type\":\"BreadcrumbList\",\"@id\":\"https:\/\/www.badminton-tournefeuille.fr\/index.php\/inscriptions\/#breadcrumb\",\"itemListElement\":[{\"@type\":\"ListItem\",\"position\":1,\"name\":\"Accueil\",\"item\":\"https:\/\/www.badminton-tournefeuille.fr\/\"},{\"@type\":\"ListItem\",\"position\":2,\"name\":\"Bonne nouvelle! &#8211; Inscriptions 2025\/2026 demi-saison ouvertes!\"}]},{\"@type\":\"WebSite\",\"@id\":\"https:\/\/www.badminton-tournefeuille.fr\/#website\",\"url\":\"https:\/\/www.badminton-tournefeuille.fr\/\",\"name\":\"Badminton Club de Tournefeuille\",\"description\":\"\",\"publisher\":{\"@id\":\"https:\/\/www.badminton-tournefeuille.fr\/#organization\"},\"potentialAction\":[{\"@type\":\"SearchAction\",\"target\":{\"@type\":\"EntryPoint\",\"urlTemplate\":\"https:\/\/www.badminton-tournefeuille.fr\/?s={search_term_string}\"},\"query-input\":{\"@type\":\"PropertyValueSpecification\",\"valueRequired\":true,\"valueName\":\"search_term_string\"}}],\"inLanguage\":\"fr-FR\"},{\"@type\":\"Organization\",\"@id\":\"https:\/\/www.badminton-tournefeuille.fr\/#organization\",\"name\":\"Badminton Club de Tournefeuille\",\"url\":\"https:\/\/www.badminton-tournefeuille.fr\/\",\"logo\":{\"@type\":\"ImageObject\",\"inLanguage\":\"fr-FR\",\"@id\":\"https:\/\/www.badminton-tournefeuille.fr\/#\/schema\/logo\/image\/\",\"url\":\"https:\/\/www.badminton-tournefeuille.fr\/wp-content\/uploads\/2022\/06\/logo_BCT.jpeg\",\"contentUrl\":\"https:\/\/www.badminton-tournefeuille.fr\/wp-content\/uploads\/2022\/06\/logo_BCT.jpeg\",\"width\":1200,\"height\":1200,\"caption\":\"Badminton Club de Tournefeuille\"},\"image\":{\"@id\":\"https:\/\/www.badminton-tournefeuille.fr\/#\/schema\/logo\/image\/\"},\"sameAs\":[\"https:\/\/www.facebook.com\/BadmintonTournefeuilleClub\"]}]}<\/script>\n<!-- \/ Yoast SEO plugin. -->","yoast_head_json":{"title":"Bonne nouvelle! - Inscriptions 2025\/2026 demi-saison ouvertes! - Badminton Club de Tournefeuille","robots":{"index":"index","follow":"follow","max-snippet":"max-snippet:-1","max-image-preview":"max-image-preview:large","max-video-preview":"max-video-preview:-1"},"canonical":"https:\/\/www.badminton-tournefeuille.fr\/index.php\/inscriptions\/","og_locale":"fr_FR","og_type":"article","og_title":"Bonne nouvelle! - Inscriptions 2025\/2026 demi-saison ouvertes! - Badminton Club de Tournefeuille","og_description":"Inscriptions demi-saison IMPORTANT\u00a0: Le club a la plaisir de vous annoncer que les inscriptions adultes demi-saison 2025\/2026 sont ouvertes! Il est par contre au regret de vous annoncer qu&rsquo;il est d\u00e9sormais COMPLET sur les sections jeunes et n&rsquo;acceptera donc plus de nouvelles inscriptions jeunes pour la saison 2025\/2026 Le processus d&rsquo;inscription demi-saison est disponible en &hellip; Continuer la lecture de &laquo;&nbsp;Bonne nouvelle! &#8211; Inscriptions 2025\/2026 demi-saison ouvertes!&nbsp;&raquo;","og_url":"https:\/\/www.badminton-tournefeuille.fr\/index.php\/inscriptions\/","og_site_name":"Badminton Club de Tournefeuille","article_publisher":"https:\/\/www.facebook.com\/BadmintonTournefeuilleClub","article_modified_time":"2026-01-15T16:32:01+00:00","og_image":[{"width":800,"height":449,"url":"https:\/\/www.badminton-tournefeuille.fr\/wp-content\/uploads\/2022\/08\/inscriptions.jpg","type":"image\/jpeg"}],"twitter_card":"summary_large_image","twitter_misc":{"Dur\u00e9e de lecture estim\u00e9e":"5 minutes"},"schema":{"@context":"https:\/\/schema.org","@graph":[{"@type":"WebPage","@id":"https:\/\/www.badminton-tournefeuille.fr\/index.php\/inscriptions\/","url":"https:\/\/www.badminton-tournefeuille.fr\/index.php\/inscriptions\/","name":"Bonne nouvelle! - Inscriptions 2025\/2026 demi-saison ouvertes! - Badminton Club de Tournefeuille","isPartOf":{"@id":"https:\/\/www.badminton-tournefeuille.fr\/#website"},"primaryImageOfPage":{"@id":"https:\/\/www.badminton-tournefeuille.fr\/index.php\/inscriptions\/#primaryimage"},"image":{"@id":"https:\/\/www.badminton-tournefeuille.fr\/index.php\/inscriptions\/#primaryimage"},"thumbnailUrl":"https:\/\/www.badminton-tournefeuille.fr\/wp-content\/uploads\/2022\/08\/inscriptions.jpg","datePublished":"2022-06-14T17:13:01+00:00","dateModified":"2026-01-15T16:32:01+00:00","breadcrumb":{"@id":"https:\/\/www.badminton-tournefeuille.fr\/index.php\/inscriptions\/#breadcrumb"},"inLanguage":"fr-FR","potentialAction":[{"@type":"ReadAction","target":["https:\/\/www.badminton-tournefeuille.fr\/index.php\/inscriptions\/"]}]},{"@type":"ImageObject","inLanguage":"fr-FR","@id":"https:\/\/www.badminton-tournefeuille.fr\/index.php\/inscriptions\/#primaryimage","url":"https:\/\/www.badminton-tournefeuille.fr\/wp-content\/uploads\/2022\/08\/inscriptions.jpg","contentUrl":"https:\/\/www.badminton-tournefeuille.fr\/wp-content\/uploads\/2022\/08\/inscriptions.jpg","width":800,"height":449,"caption":"Inscriptions"},{"@type":"BreadcrumbList","@id":"https:\/\/www.badminton-tournefeuille.fr\/index.php\/inscriptions\/#breadcrumb","itemListElement":[{"@type":"ListItem","position":1,"name":"Accueil","item":"https:\/\/www.badminton-tournefeuille.fr\/"},{"@type":"ListItem","position":2,"name":"Bonne nouvelle! &#8211; Inscriptions 2025\/2026 demi-saison ouvertes!"}]},{"@type":"WebSite","@id":"https:\/\/www.badminton-tournefeuille.fr\/#website","url":"https:\/\/www.badminton-tournefeuille.fr\/","name":"Badminton Club de Tournefeuille","description":"","publisher":{"@id":"https:\/\/www.badminton-tournefeuille.fr\/#organization"},"potentialAction":[{"@type":"SearchAction","target":{"@type":"EntryPoint","urlTemplate":"https:\/\/www.badminton-tournefeuille.fr\/?s={search_term_string}"},"query-input":{"@type":"PropertyValueSpecification","valueRequired":true,"valueName":"search_term_string"}}],"inLanguage":"fr-FR"},{"@type":"Organization","@id":"https:\/\/www.badminton-tournefeuille.fr\/#organization","name":"Badminton Club de Tournefeuille","url":"https:\/\/www.badminton-tournefeuille.fr\/","logo":{"@type":"ImageObject","inLanguage":"fr-FR","@id":"https:\/\/www.badminton-tournefeuille.fr\/#\/schema\/logo\/image\/","url":"https:\/\/www.badminton-tournefeuille.fr\/wp-content\/uploads\/2022\/06\/logo_BCT.jpeg","contentUrl":"https:\/\/www.badminton-tournefeuille.fr\/wp-content\/uploads\/2022\/06\/logo_BCT.jpeg","width":1200,"height":1200,"caption":"Badminton Club de Tournefeuille"},"image":{"@id":"https:\/\/www.badminton-tournefeuille.fr\/#\/schema\/logo\/image\/"},"sameAs":["https:\/\/www.facebook.com\/BadmintonTournefeuilleClub"]}]}},"_links":{"self":[{"href":"https:\/\/www.badminton-tournefeuille.fr\/index.php\/wp-json\/wp\/v2\/pages\/321","targetHints":{"allow":["GET"]}}],"collection":[{"href":"https:\/\/www.badminton-tournefeuille.fr\/index.php\/wp-json\/wp\/v2\/pages"}],"about":[{"href":"https:\/\/www.badminton-tournefeuille.fr\/index.php\/wp-json\/wp\/v2\/types\/page"}],"author":[{"embeddable":true,"href":"https:\/\/www.badminton-tournefeuille.fr\/index.php\/wp-json\/wp\/v2\/users\/2"}],"replies":[{"embeddable":true,"href":"https:\/\/www.badminton-tournefeuille.fr\/index.php\/wp-json\/wp\/v2\/comments?post=321"}],"version-history":[{"count":31,"href":"https:\/\/www.badminton-tournefeuille.fr\/index.php\/wp-json\/wp\/v2\/pages\/321\/revisions"}],"predecessor-version":[{"id":834,"href":"https:\/\/www.badminton-tournefeuille.fr\/index.php\/wp-json\/wp\/v2\/pages\/321\/revisions\/834"}],"wp:attachment":[{"href":"https:\/\/www.badminton-tournefeuille.fr\/index.php\/wp-json\/wp\/v2\/media?parent=321"}],"curies":[{"name":"wp","href":"https:\/\/api.w.org\/{rel}","templated":true}]}}