{"id":302,"date":"2022-06-17T08:30:03","date_gmt":"2022-06-17T06:30:03","guid":{"rendered":"https:\/\/www.badminton-tournefeuille.fr\/?page_id=302"},"modified":"2025-10-16T16:08:27","modified_gmt":"2025-10-16T14:08:27","slug":"jeunes","status":"publish","type":"page","link":"https:\/\/www.badminton-tournefeuille.fr\/index.php\/jeunes\/","title":{"rendered":"MiniBAD  &amp; Jeunes"},"content":{"rendered":"\n<p class=\"has-white-color has-luminous-vivid-orange-background-color has-text-color has-background has-link-color wp-elements-54ddc74b6607f6d61d61342f7a0faceb\"><strong>IMPORTANT <\/strong>: victime de leur succ\u00e8s, les <strong>sections MiniBad (5 \u00e0 7 ans) et  Jeunes<\/strong> (8 \u00e0 17 ans) affichent <strong>COMPLET<\/strong> pour la saison.<\/p>\n\n\n\n<p><\/p>\n\n\n\n<hr class=\"wp-block-separator has-alpha-channel-opacity is-style-dots\"\/>\n\n\n\n<p><strong><span style=\"text-decoration: underline;\">COMPLET<\/span> &#8211; Section<\/strong> <strong>MiniBAD<\/strong> (5 \u00e0 7 ans)- <strong><span style=\"text-decoration: underline;\">COMPLET<\/span><\/strong> &#8211; <strong>nouveaut\u00e9<\/strong> de cette saison 2025-2026 :&nbsp;<\/p>\n\n\n\n<p>Le BCT ouvre une section MiniBAD pour les enfants de 5 \u00e0 7 ans, cette section est la meilleure porte d\u2019entr\u00e9e au monde du badminton pour les plus jeunes avec des premiers ateliers autour de la raquette et des volants :&nbsp;<\/p>\n\n\n\n<ul class=\"wp-block-list\">\n<li>Encadr\u00e9e par plusieurs b\u00e9n\u00e9voles du club habitu\u00e9s \u00e0 encadrer des enfants<\/li>\n\n\n\n<li>Un groupe limit\u00e9 \u00e0 10 enfants pour un meilleur accompagnement<\/li>\n\n\n\n<li>Un cr\u00e9neau de 1h le jeudi de 17h30 \u00e0 18h30 au Gymnase L. De Vinci<\/li>\n<\/ul>\n\n\n\n<hr class=\"wp-block-separator has-alpha-channel-opacity is-style-wide\"\/>\n\n\n\n<p><span style=\"text-decoration: underline;\"><strong>COMPLET<\/strong><\/span> &#8211; <strong>Section Jeunes<\/strong> (8 \u00e0 17ans) &#8211; <strong><span style=\"text-decoration: underline;\">COMPLET<\/span><\/strong> &#8211; Pour les plus \u00e2g\u00e9s de 8 \u00e0 17 ans, le club continue de dispenser 3 heures d\u2019entra\u00eenement encadr\u00e9es par Beno\u00eet Larcher, entra\u00eeneur dipl\u00f4m\u00e9 (cr\u00e9neaux 1h30 par groupe) :<\/p>\n\n\n\n<ul class=\"wp-block-list\">\n<li>Groupe 1 Poussin, Benjamin (de 8 ans \u00e0 12 ans) se d\u00e9roulent le vendredi de 17h30 \u00e0 19h (Gymnase J.B. Gay).<\/li>\n\n\n\n<li>Groupe 2 Minime, Cadet (de 13 ans \u00e0 17 ans) se d\u00e9roulent le vendredi de 19h \u00e0 20h30 (Gymnase J.B. Gay).<\/li>\n<\/ul>\n\n\n\n<hr class=\"wp-block-separator has-alpha-channel-opacity is-style-wide\"\/>\n\n\n\n<p><strong>Tenue de sport<\/strong> &#8211; conseils pour tous les \u00e2ges<\/p>\n\n\n\n<p>Les enfants doivent se pr\u00e9senter aux entra\u00eenements avec:<\/p>\n\n\n\n<ul class=\"wp-block-list\">\n<li>un t-shirt de sport<\/li>\n\n\n\n<li>un short ou une jupe de sport<\/li>\n\n\n\n<li>une raquette de badminton (hors section Minibad, raquettes pr\u00eat\u00e9es par le club)<\/li>\n\n\n\n<li>des chaussures de sport, si possible celles d\u00e9di\u00e9es aux sports en int\u00e9rieur.&nbsp;<\/li>\n<\/ul>\n\n\n\n<p>Si vous n\u2019avez pas tout le mat\u00e9riel, pas de panique, des pr\u00eats des raquettes seront possibles et des stands seront organis\u00e9s avec notre partenaire sportif Sports Raquettes sur la saison pour vous en procurer.<\/p>\n\n\n\n<h1 class=\"wp-block-heading\">Labellisation \u00e9cole de badminton<\/h1>\n\n\n\n<div class=\"wp-block-media-text alignwide has-media-on-the-right is-stacked-on-mobile\"><div class=\"wp-block-media-text__content\">\n<p>Reconnaissance de l&rsquo;investissement des dirigeants et d&rsquo;un encadrement de qualit\u00e9 <\/p>\n\n\n\n<p>Possibilit\u00e9 d&rsquo;impliquer les parents dans la vie associative du club <\/p>\n\n\n\n<p>Possibilit\u00e9 d&rsquo;\u00e9voluer par une \u00e9valuation du niveau de l&rsquo;\u00e9cole <\/p>\n\n\n\n<p>Possibilit\u00e9 de cr\u00e9er une section MiniBad (accueil des moins de 9 ans) <\/p>\n\n\n\n<p>Reconnaissance aupr\u00e8s des partenaires du club <\/p>\n\n\n\n<p>Possibilit\u00e9 de signer des conventions avec les \u00e9tablissements scolaires <\/p>\n\n\n\n<p>Information sur le site f\u00e9d\u00e9ral <\/p>\n\n\n\n<p>Apport d&rsquo;une aide p\u00e9dagogique.<\/p>\n<\/div><figure class=\"wp-block-media-text__media\"><img loading=\"lazy\" decoding=\"async\" width=\"150\" height=\"200\" src=\"https:\/\/www.badminton-tournefeuille.fr\/wp-content\/uploads\/2023\/08\/EFB_2etoiles.png\" alt=\"Ecole fran\u00e7aise de Badminton 2 \u00e9toiles\" class=\"wp-image-551 size-full\"\/><\/figure><\/div>\n\n\n\n<p><\/p>\n","protected":false},"excerpt":{"rendered":"<p>IMPORTANT : victime de leur succ\u00e8s, les sections MiniBad (5 \u00e0 7 ans) et Jeunes (8 \u00e0 17 ans) affichent COMPLET pour la saison. COMPLET &#8211; Section MiniBAD (5 \u00e0 7 ans)- COMPLET &#8211; nouveaut\u00e9 de cette saison 2025-2026 :&nbsp; Le BCT ouvre une section MiniBAD pour les enfants de 5 \u00e0 7 ans, cette &hellip; <\/p>\n<p class=\"link-more\"><a href=\"https:\/\/www.badminton-tournefeuille.fr\/index.php\/jeunes\/\" class=\"more-link\">Continuer la lecture<span class=\"screen-reader-text\"> de &laquo;&nbsp;MiniBAD  &amp; Jeunes&nbsp;&raquo;<\/span><\/a><\/p>\n","protected":false},"author":2,"featured_media":0,"parent":0,"menu_order":0,"comment_status":"closed","ping_status":"closed","template":"","meta":{"footnotes":""},"class_list":["post-302","page","type-page","status-publish","hentry"],"yoast_head":"<!-- This site is optimized with the Yoast SEO plugin v26.7 - https:\/\/yoast.com\/wordpress\/plugins\/seo\/ -->\n<title>MiniBAD &amp; Jeunes - Badminton Club de Tournefeuille<\/title>\n<meta name=\"robots\" content=\"index, follow, max-snippet:-1, max-image-preview:large, max-video-preview:-1\" \/>\n<link rel=\"canonical\" href=\"https:\/\/www.badminton-tournefeuille.fr\/index.php\/jeunes\/\" \/>\n<meta property=\"og:locale\" content=\"fr_FR\" \/>\n<meta property=\"og:type\" content=\"article\" \/>\n<meta property=\"og:title\" content=\"MiniBAD &amp; Jeunes - Badminton Club de Tournefeuille\" \/>\n<meta property=\"og:description\" content=\"IMPORTANT : victime de leur succ\u00e8s, les sections MiniBad (5 \u00e0 7 ans) et Jeunes (8 \u00e0 17 ans) affichent COMPLET pour la saison. COMPLET &#8211; Section MiniBAD (5 \u00e0 7 ans)- COMPLET &#8211; nouveaut\u00e9 de cette saison 2025-2026 :&nbsp; Le BCT ouvre une section MiniBAD pour les enfants de 5 \u00e0 7 ans, cette &hellip; Continuer la lecture de &laquo;&nbsp;MiniBAD &amp; Jeunes&nbsp;&raquo;\" \/>\n<meta property=\"og:url\" content=\"https:\/\/www.badminton-tournefeuille.fr\/index.php\/jeunes\/\" \/>\n<meta property=\"og:site_name\" content=\"Badminton Club de Tournefeuille\" \/>\n<meta property=\"article:publisher\" content=\"https:\/\/www.facebook.com\/BadmintonTournefeuilleClub\" \/>\n<meta property=\"article:modified_time\" content=\"2025-10-16T14:08:27+00:00\" \/>\n<meta property=\"og:image\" content=\"https:\/\/www.badminton-tournefeuille.fr\/wp-content\/uploads\/2023\/08\/EFB_2etoiles.png\" \/>\n\t<meta property=\"og:image:width\" content=\"150\" \/>\n\t<meta property=\"og:image:height\" content=\"200\" \/>\n\t<meta property=\"og:image:type\" content=\"image\/png\" \/>\n<meta name=\"twitter:card\" content=\"summary_large_image\" \/>\n<meta name=\"twitter:label1\" content=\"Dur\u00e9e de lecture estim\u00e9e\" \/>\n\t<meta name=\"twitter:data1\" content=\"2 minutes\" \/>\n<script type=\"application\/ld+json\" class=\"yoast-schema-graph\">{\"@context\":\"https:\/\/schema.org\",\"@graph\":[{\"@type\":\"WebPage\",\"@id\":\"https:\/\/www.badminton-tournefeuille.fr\/index.php\/jeunes\/\",\"url\":\"https:\/\/www.badminton-tournefeuille.fr\/index.php\/jeunes\/\",\"name\":\"MiniBAD &amp; Jeunes - Badminton Club de Tournefeuille\",\"isPartOf\":{\"@id\":\"https:\/\/www.badminton-tournefeuille.fr\/#website\"},\"primaryImageOfPage\":{\"@id\":\"https:\/\/www.badminton-tournefeuille.fr\/index.php\/jeunes\/#primaryimage\"},\"image\":{\"@id\":\"https:\/\/www.badminton-tournefeuille.fr\/index.php\/jeunes\/#primaryimage\"},\"thumbnailUrl\":\"https:\/\/www.badminton-tournefeuille.fr\/wp-content\/uploads\/2023\/08\/EFB_2etoiles.png\",\"datePublished\":\"2022-06-17T06:30:03+00:00\",\"dateModified\":\"2025-10-16T14:08:27+00:00\",\"breadcrumb\":{\"@id\":\"https:\/\/www.badminton-tournefeuille.fr\/index.php\/jeunes\/#breadcrumb\"},\"inLanguage\":\"fr-FR\",\"potentialAction\":[{\"@type\":\"ReadAction\",\"target\":[\"https:\/\/www.badminton-tournefeuille.fr\/index.php\/jeunes\/\"]}]},{\"@type\":\"ImageObject\",\"inLanguage\":\"fr-FR\",\"@id\":\"https:\/\/www.badminton-tournefeuille.fr\/index.php\/jeunes\/#primaryimage\",\"url\":\"https:\/\/www.badminton-tournefeuille.fr\/wp-content\/uploads\/2023\/08\/EFB_2etoiles.png\",\"contentUrl\":\"https:\/\/www.badminton-tournefeuille.fr\/wp-content\/uploads\/2023\/08\/EFB_2etoiles.png\",\"width\":150,\"height\":200},{\"@type\":\"BreadcrumbList\",\"@id\":\"https:\/\/www.badminton-tournefeuille.fr\/index.php\/jeunes\/#breadcrumb\",\"itemListElement\":[{\"@type\":\"ListItem\",\"position\":1,\"name\":\"Accueil\",\"item\":\"https:\/\/www.badminton-tournefeuille.fr\/\"},{\"@type\":\"ListItem\",\"position\":2,\"name\":\"MiniBAD &amp; Jeunes\"}]},{\"@type\":\"WebSite\",\"@id\":\"https:\/\/www.badminton-tournefeuille.fr\/#website\",\"url\":\"https:\/\/www.badminton-tournefeuille.fr\/\",\"name\":\"Badminton Club de Tournefeuille\",\"description\":\"\",\"publisher\":{\"@id\":\"https:\/\/www.badminton-tournefeuille.fr\/#organization\"},\"potentialAction\":[{\"@type\":\"SearchAction\",\"target\":{\"@type\":\"EntryPoint\",\"urlTemplate\":\"https:\/\/www.badminton-tournefeuille.fr\/?s={search_term_string}\"},\"query-input\":{\"@type\":\"PropertyValueSpecification\",\"valueRequired\":true,\"valueName\":\"search_term_string\"}}],\"inLanguage\":\"fr-FR\"},{\"@type\":\"Organization\",\"@id\":\"https:\/\/www.badminton-tournefeuille.fr\/#organization\",\"name\":\"Badminton Club de Tournefeuille\",\"url\":\"https:\/\/www.badminton-tournefeuille.fr\/\",\"logo\":{\"@type\":\"ImageObject\",\"inLanguage\":\"fr-FR\",\"@id\":\"https:\/\/www.badminton-tournefeuille.fr\/#\/schema\/logo\/image\/\",\"url\":\"https:\/\/www.badminton-tournefeuille.fr\/wp-content\/uploads\/2022\/06\/logo_BCT.jpeg\",\"contentUrl\":\"https:\/\/www.badminton-tournefeuille.fr\/wp-content\/uploads\/2022\/06\/logo_BCT.jpeg\",\"width\":1200,\"height\":1200,\"caption\":\"Badminton Club de Tournefeuille\"},\"image\":{\"@id\":\"https:\/\/www.badminton-tournefeuille.fr\/#\/schema\/logo\/image\/\"},\"sameAs\":[\"https:\/\/www.facebook.com\/BadmintonTournefeuilleClub\"]}]}<\/script>\n<!-- \/ Yoast SEO plugin. -->","yoast_head_json":{"title":"MiniBAD &amp; Jeunes - Badminton Club de Tournefeuille","robots":{"index":"index","follow":"follow","max-snippet":"max-snippet:-1","max-image-preview":"max-image-preview:large","max-video-preview":"max-video-preview:-1"},"canonical":"https:\/\/www.badminton-tournefeuille.fr\/index.php\/jeunes\/","og_locale":"fr_FR","og_type":"article","og_title":"MiniBAD &amp; Jeunes - Badminton Club de Tournefeuille","og_description":"IMPORTANT : victime de leur succ\u00e8s, les sections MiniBad (5 \u00e0 7 ans) et Jeunes (8 \u00e0 17 ans) affichent COMPLET pour la saison. COMPLET &#8211; Section MiniBAD (5 \u00e0 7 ans)- COMPLET &#8211; nouveaut\u00e9 de cette saison 2025-2026 :&nbsp; Le BCT ouvre une section MiniBAD pour les enfants de 5 \u00e0 7 ans, cette &hellip; Continuer la lecture de &laquo;&nbsp;MiniBAD &amp; Jeunes&nbsp;&raquo;","og_url":"https:\/\/www.badminton-tournefeuille.fr\/index.php\/jeunes\/","og_site_name":"Badminton Club de Tournefeuille","article_publisher":"https:\/\/www.facebook.com\/BadmintonTournefeuilleClub","article_modified_time":"2025-10-16T14:08:27+00:00","og_image":[{"width":150,"height":200,"url":"https:\/\/www.badminton-tournefeuille.fr\/wp-content\/uploads\/2023\/08\/EFB_2etoiles.png","type":"image\/png"}],"twitter_card":"summary_large_image","twitter_misc":{"Dur\u00e9e de lecture estim\u00e9e":"2 minutes"},"schema":{"@context":"https:\/\/schema.org","@graph":[{"@type":"WebPage","@id":"https:\/\/www.badminton-tournefeuille.fr\/index.php\/jeunes\/","url":"https:\/\/www.badminton-tournefeuille.fr\/index.php\/jeunes\/","name":"MiniBAD &amp; Jeunes - Badminton Club de Tournefeuille","isPartOf":{"@id":"https:\/\/www.badminton-tournefeuille.fr\/#website"},"primaryImageOfPage":{"@id":"https:\/\/www.badminton-tournefeuille.fr\/index.php\/jeunes\/#primaryimage"},"image":{"@id":"https:\/\/www.badminton-tournefeuille.fr\/index.php\/jeunes\/#primaryimage"},"thumbnailUrl":"https:\/\/www.badminton-tournefeuille.fr\/wp-content\/uploads\/2023\/08\/EFB_2etoiles.png","datePublished":"2022-06-17T06:30:03+00:00","dateModified":"2025-10-16T14:08:27+00:00","breadcrumb":{"@id":"https:\/\/www.badminton-tournefeuille.fr\/index.php\/jeunes\/#breadcrumb"},"inLanguage":"fr-FR","potentialAction":[{"@type":"ReadAction","target":["https:\/\/www.badminton-tournefeuille.fr\/index.php\/jeunes\/"]}]},{"@type":"ImageObject","inLanguage":"fr-FR","@id":"https:\/\/www.badminton-tournefeuille.fr\/index.php\/jeunes\/#primaryimage","url":"https:\/\/www.badminton-tournefeuille.fr\/wp-content\/uploads\/2023\/08\/EFB_2etoiles.png","contentUrl":"https:\/\/www.badminton-tournefeuille.fr\/wp-content\/uploads\/2023\/08\/EFB_2etoiles.png","width":150,"height":200},{"@type":"BreadcrumbList","@id":"https:\/\/www.badminton-tournefeuille.fr\/index.php\/jeunes\/#breadcrumb","itemListElement":[{"@type":"ListItem","position":1,"name":"Accueil","item":"https:\/\/www.badminton-tournefeuille.fr\/"},{"@type":"ListItem","position":2,"name":"MiniBAD &amp; Jeunes"}]},{"@type":"WebSite","@id":"https:\/\/www.badminton-tournefeuille.fr\/#website","url":"https:\/\/www.badminton-tournefeuille.fr\/","name":"Badminton Club de Tournefeuille","description":"","publisher":{"@id":"https:\/\/www.badminton-tournefeuille.fr\/#organization"},"potentialAction":[{"@type":"SearchAction","target":{"@type":"EntryPoint","urlTemplate":"https:\/\/www.badminton-tournefeuille.fr\/?s={search_term_string}"},"query-input":{"@type":"PropertyValueSpecification","valueRequired":true,"valueName":"search_term_string"}}],"inLanguage":"fr-FR"},{"@type":"Organization","@id":"https:\/\/www.badminton-tournefeuille.fr\/#organization","name":"Badminton Club de Tournefeuille","url":"https:\/\/www.badminton-tournefeuille.fr\/","logo":{"@type":"ImageObject","inLanguage":"fr-FR","@id":"https:\/\/www.badminton-tournefeuille.fr\/#\/schema\/logo\/image\/","url":"https:\/\/www.badminton-tournefeuille.fr\/wp-content\/uploads\/2022\/06\/logo_BCT.jpeg","contentUrl":"https:\/\/www.badminton-tournefeuille.fr\/wp-content\/uploads\/2022\/06\/logo_BCT.jpeg","width":1200,"height":1200,"caption":"Badminton Club de Tournefeuille"},"image":{"@id":"https:\/\/www.badminton-tournefeuille.fr\/#\/schema\/logo\/image\/"},"sameAs":["https:\/\/www.facebook.com\/BadmintonTournefeuilleClub"]}]}},"_links":{"self":[{"href":"https:\/\/www.badminton-tournefeuille.fr\/index.php\/wp-json\/wp\/v2\/pages\/302","targetHints":{"allow":["GET"]}}],"collection":[{"href":"https:\/\/www.badminton-tournefeuille.fr\/index.php\/wp-json\/wp\/v2\/pages"}],"about":[{"href":"https:\/\/www.badminton-tournefeuille.fr\/index.php\/wp-json\/wp\/v2\/types\/page"}],"author":[{"embeddable":true,"href":"https:\/\/www.badminton-tournefeuille.fr\/index.php\/wp-json\/wp\/v2\/users\/2"}],"replies":[{"embeddable":true,"href":"https:\/\/www.badminton-tournefeuille.fr\/index.php\/wp-json\/wp\/v2\/comments?post=302"}],"version-history":[{"count":21,"href":"https:\/\/www.badminton-tournefeuille.fr\/index.php\/wp-json\/wp\/v2\/pages\/302\/revisions"}],"predecessor-version":[{"id":823,"href":"https:\/\/www.badminton-tournefeuille.fr\/index.php\/wp-json\/wp\/v2\/pages\/302\/revisions\/823"}],"wp:attachment":[{"href":"https:\/\/www.badminton-tournefeuille.fr\/index.php\/wp-json\/wp\/v2\/media?parent=302"}],"curies":[{"name":"wp","href":"https:\/\/api.w.org\/{rel}","templated":true}]}}